{"id":2598,"date":"2024-03-11T19:33:02","date_gmt":"2024-03-11T18:33:02","guid":{"rendered":"https:\/\/biskoui.ch\/kostenlose-revdsg-pruefung\/"},"modified":"2026-03-04T16:27:04","modified_gmt":"2026-03-04T15:27:04","slug":"kostenlose-revdsg-pruefung","status":"publish","type":"page","link":"https:\/\/biskoui.ch\/de\/kostenlose-revdsg-pruefung\/","title":{"rendered":"Kostenlose Pr\u00fcfung revDSG"},"content":{"rendered":"\t\t<div data-elementor-type=\"wp-page\" data-elementor-id=\"2598\" class=\"elementor elementor-2598 elementor-2464\" data-elementor-post-type=\"page\">\n\t\t\t\t<div class=\"elementor-element elementor-element-2a47216 e-flex e-con-boxed e-con e-parent\" data-id=\"2a47216\" data-element_type=\"container\" data-e-type=\"container\">\n\t\t\t\t\t<div class=\"e-con-inner\">\n\t\t<div class=\"elementor-element elementor-element-0cb72d4 e-con-full e-flex e-con e-child\" data-id=\"0cb72d4\" data-element_type=\"container\" data-e-type=\"container\">\n\t\t\t\t<div class=\"elementor-element elementor-element-48534d9 elementor-widget elementor-widget-heading\" data-id=\"48534d9\" data-element_type=\"widget\" data-e-type=\"widget\" data-widget_type=\"heading.default\">\n\t\t\t\t<div class=\"elementor-widget-container\">\n\t\t\t\t\t<h1 class=\"elementor-heading-title elementor-size-default\">Kostenloses Audit Ihrer Website in der revDSG<\/h1>\t\t\t\t<\/div>\n\t\t\t\t<\/div>\n\t\t\t\t<div class=\"elementor-element elementor-element-2f9eb0b elementor-widget elementor-widget-text-editor\" data-id=\"2f9eb0b\" data-element_type=\"widget\" data-e-type=\"widget\" data-widget_type=\"text-editor.default\">\n\t\t\t\t<div class=\"elementor-widget-container\">\n\t\t\t\t\t\t\t\t\t<p>Bei biskoui liegt uns der Datenschutz sehr am Herzen. Aus diesem Grund bieten wir Unternehmen <strong>eine kostenlose revDSG-Pr\u00fcfung ihrer Website<\/strong> an (Neues Datenschutzgesetz).<\/p>\t\t\t\t\t\t\t\t<\/div>\n\t\t\t\t<\/div>\n\t\t\t\t<\/div>\n\t\t<div class=\"elementor-element elementor-element-4bc3d83 e-con-full e-flex e-con e-child\" data-id=\"4bc3d83\" data-element_type=\"container\" data-e-type=\"container\">\n\t\t\t\t<div class=\"elementor-element elementor-element-685faad elementor-widget elementor-widget-image\" data-id=\"685faad\" data-element_type=\"widget\" data-e-type=\"widget\" data-widget_type=\"image.default\">\n\t\t\t\t<div class=\"elementor-widget-container\">\n\t\t\t\t\t\t\t\t\t\t\t\t\t\t\t<img fetchpriority=\"high\" decoding=\"async\" width=\"1536\" height=\"1534\" src=\"https:\/\/biskoui.ch\/wp-content\/uploads\/2024\/03\/Audit-site-internet-nouvelle-loi-sur-la-protection-des-donnees-suisse-NLPD-1536x1534.png\" class=\"attachment-1536x1536 size-1536x1536 wp-image-2495\" alt=\"\" srcset=\"https:\/\/biskoui.ch\/wp-content\/uploads\/2024\/03\/Audit-site-internet-nouvelle-loi-sur-la-protection-des-donnees-suisse-NLPD-1536x1534.png 1536w, https:\/\/biskoui.ch\/wp-content\/uploads\/2024\/03\/Audit-site-internet-nouvelle-loi-sur-la-protection-des-donnees-suisse-NLPD-300x300.png 300w, https:\/\/biskoui.ch\/wp-content\/uploads\/2024\/03\/Audit-site-internet-nouvelle-loi-sur-la-protection-des-donnees-suisse-NLPD-1024x1022.png 1024w, https:\/\/biskoui.ch\/wp-content\/uploads\/2024\/03\/Audit-site-internet-nouvelle-loi-sur-la-protection-des-donnees-suisse-NLPD-150x150.png 150w, https:\/\/biskoui.ch\/wp-content\/uploads\/2024\/03\/Audit-site-internet-nouvelle-loi-sur-la-protection-des-donnees-suisse-NLPD-768x767.png 768w, https:\/\/biskoui.ch\/wp-content\/uploads\/2024\/03\/Audit-site-internet-nouvelle-loi-sur-la-protection-des-donnees-suisse-NLPD.png 2022w\" sizes=\"(max-width: 1536px) 100vw, 1536px\" \/>\t\t\t\t\t\t\t\t\t\t\t\t\t\t\t<\/div>\n\t\t\t\t<\/div>\n\t\t\t\t<\/div>\n\t\t\t\t\t<\/div>\n\t\t\t\t<\/div>\n\t\t<div class=\"elementor-element elementor-element-55d3255 e-flex e-con-boxed e-con e-parent\" data-id=\"55d3255\" data-element_type=\"container\" data-e-type=\"container\">\n\t\t\t\t\t<div class=\"e-con-inner\">\n\t\t\t\t<div class=\"elementor-element elementor-element-4d030ec elementor-widget elementor-widget-text-editor\" data-id=\"4d030ec\" data-element_type=\"widget\" data-e-type=\"widget\" data-widget_type=\"text-editor.default\">\n\t\t\t\t<div class=\"elementor-widget-container\">\n\t\t\t\t\t\t\t\t\t<p>Seit dem 1. September 2023 und der Einf\u00fchrung des revDSG ist der Datenschutz in unserem digitalen Zeitalter ein zentrales Thema, und die Schweiz hat ihre gesetzlichen Bestimmungen versch\u00e4rft, um eine h\u00f6here Sicherheit pers\u00f6nlicher Informationen zu gew\u00e4hrleisten. Um Sie bei diesem \u00dcbergang zu unterst\u00fctzen, bieten wir Ihnen ein <strong>kostenloses Compliance-Audit<\/strong> an.<\/p><p>Die Experten von biskoui stehen Ihnen zur Verf\u00fcgung, um die Konformit\u00e4t Ihrer Website mit den neuen Datenschutzbestimmungen zu bewerten. Wir wissen, wie wichtig es ist, sensible Informationen zu sichern, und unsere Pr\u00fcfung zielt darauf ab, Ihnen eine Analyse Ihrer aktuellen Situation zu liefern.<\/p>\t\t\t\t\t\t\t\t<\/div>\n\t\t\t\t<\/div>\n\t\t\t\t<div class=\"elementor-element elementor-element-6874fd7 elementor-widget elementor-widget-text-editor\" data-id=\"6874fd7\" data-element_type=\"widget\" data-e-type=\"widget\" data-widget_type=\"text-editor.default\">\n\t\t\t\t<div class=\"elementor-widget-container\">\n\t\t\t\t\t\t\t\t\t<h2>Antragsformular f\u00fcr eine kostenlose Pr\u00fcfung<\/h2>\nDas Ergebnis der Pr\u00fcfung wird in der Regel innerhalb von 48 Stunden versandt.\t\t\t\t\t\t\t\t<\/div>\n\t\t\t\t<\/div>\n\t\t\t\t<div class=\"elementor-element elementor-element-a1dbe68 elementor-button-align-stretch elementor-widget elementor-widget-form\" data-id=\"a1dbe68\" data-element_type=\"widget\" data-e-type=\"widget\" data-settings=\"{&quot;button_width&quot;:&quot;20&quot;,&quot;step_next_label&quot;:&quot;Weiter zu&quot;,&quot;step_previous_label&quot;:&quot;Vorherige&quot;,&quot;step_type&quot;:&quot;number_text&quot;,&quot;step_icon_shape&quot;:&quot;circle&quot;}\" data-widget_type=\"form.default\">\n\t\t\t\t<div class=\"elementor-widget-container\">\n\t\t\t\t\t\t\t<form class=\"elementor-form\" method=\"post\" name=\"Neues Formular\" aria-label=\"Neues Formular\">\n\t\t\t<input type=\"hidden\" name=\"post_id\" value=\"2598\"\/>\n\t\t\t<input type=\"hidden\" name=\"form_id\" value=\"a1dbe68\"\/>\n\t\t\t<input type=\"hidden\" name=\"referer_title\" value=\"biskoui\" \/>\n\n\t\t\t\n\t\t\t<div class=\"elementor-form-fields-wrapper elementor-labels-above\">\n\t\t\t\t\t\t\t\t<div class=\"elementor-field-type-text elementor-field-group elementor-column elementor-field-group-name elementor-col-100 elementor-field-required\">\n\t\t\t\t\t\t\t\t\t\t\t\t<label for=\"form-field-name\" class=\"elementor-field-label\">\n\t\t\t\t\t\t\t\tKontaktperson\t\t\t\t\t\t\t<\/label>\n\t\t\t\t\t\t\t\t\t\t\t\t\t\t<input size=\"1\" type=\"text\" name=\"form_fields[name]\" id=\"form-field-name\" class=\"elementor-field elementor-size-sm  elementor-field-textual\" placeholder=\"Vollst\u00e4ndiger Name\" required=\"required\">\n\t\t\t\t\t\t\t\t\t\t\t<\/div>\n\t\t\t\t\t\t\t\t<div class=\"elementor-field-type-email elementor-field-group elementor-column elementor-field-group-email elementor-col-100 elementor-field-required\">\n\t\t\t\t\t\t\t\t\t\t\t\t<label for=\"form-field-email\" class=\"elementor-field-label\">\n\t\t\t\t\t\t\t\tE-Mail\t\t\t\t\t\t\t<\/label>\n\t\t\t\t\t\t\t\t\t\t\t\t\t\t<input size=\"1\" type=\"email\" name=\"form_fields[email]\" id=\"form-field-email\" class=\"elementor-field elementor-size-sm  elementor-field-textual\" placeholder=\"E-Mail\" required=\"required\">\n\t\t\t\t\t\t\t\t\t\t\t<\/div>\n\t\t\t\t\t\t\t\t<div class=\"elementor-field-type-tel elementor-field-group elementor-column elementor-field-group-field_107d2cc elementor-col-100 elementor-field-required\">\n\t\t\t\t\t\t\t\t\t\t\t\t<label for=\"form-field-field_107d2cc\" class=\"elementor-field-label\">\n\t\t\t\t\t\t\t\tTelefon\t\t\t\t\t\t\t<\/label>\n\t\t\t\t\t\t\t\t<input size=\"1\" type=\"tel\" name=\"form_fields[field_107d2cc]\" id=\"form-field-field_107d2cc\" class=\"elementor-field elementor-size-sm  elementor-field-textual\" placeholder=\"021 123 45 67\" required=\"required\" pattern=\"[0-9()#&amp;+*-=.]+\" title=\"Nur Nummern oder Telefon-Zeichen (#, -, *, etc) werden akzeptiert.\">\n\n\t\t\t\t\t\t<\/div>\n\t\t\t\t\t\t\t\t<div class=\"elementor-field-type-text elementor-field-group elementor-column elementor-field-group-url elementor-col-100 elementor-field-required\">\n\t\t\t\t\t\t\t\t\t\t\t\t<label for=\"form-field-url\" class=\"elementor-field-label\">\n\t\t\t\t\t\t\t\tAdresse Ihrer Website (URL)\t\t\t\t\t\t\t<\/label>\n\t\t\t\t\t\t\t\t\t\t\t\t\t\t<input size=\"1\" type=\"text\" name=\"form_fields[url]\" id=\"form-field-url\" class=\"elementor-field elementor-size-sm  elementor-field-textual\" placeholder=\"www.deinewebsite.ch\" required=\"required\">\n\t\t\t\t\t\t\t\t\t\t\t<\/div>\n\t\t\t\t\t\t\t\t<div class=\"elementor-field-type-radio elementor-field-group elementor-column elementor-field-group-question_privacy_policy elementor-col-100\">\n\t\t\t\t\t\t\t\t\t\t\t\t<label for=\"form-field-question_privacy_policy\" class=\"elementor-field-label\">\n\t\t\t\t\t\t\t\tHaben Sie bereits eine Datenschutzrichtlinie?\t\t\t\t\t\t\t<\/label>\n\t\t\t\t\t\t<div class=\"elementor-field-subgroup  elementor-subgroup-inline\"><span class=\"elementor-field-option\"><input type=\"radio\" value=\"Ja\" id=\"form-field-question_privacy_policy-0\" name=\"form_fields[question_privacy_policy]\"> <label for=\"form-field-question_privacy_policy-0\">Ja<\/label><\/span><span class=\"elementor-field-option\"><input type=\"radio\" value=\"Nein\" id=\"form-field-question_privacy_policy-1\" name=\"form_fields[question_privacy_policy]\"> <label for=\"form-field-question_privacy_policy-1\">Nein<\/label><\/span><span class=\"elementor-field-option\"><input type=\"radio\" value=\"Ich bin mir nicht sicher.\" id=\"form-field-question_privacy_policy-2\" name=\"form_fields[question_privacy_policy]\"> <label for=\"form-field-question_privacy_policy-2\">Ich bin mir nicht sicher.<\/label><\/span><\/div>\t\t\t\t<\/div>\n\t\t\t\t\t\t\t\t<div class=\"elementor-field-type-acceptance elementor-field-group elementor-column elementor-field-group-consent_privacy_audit elementor-col-100 elementor-field-required\">\n\t\t\t\t\t\t\t<div class=\"elementor-field-subgroup\">\n\t\t\t<span class=\"elementor-field-option\">\n\t\t\t\t<input type=\"checkbox\" name=\"form_fields[consent_privacy_audit]\" id=\"form-field-consent_privacy_audit\" class=\"elementor-field elementor-size-sm  elementor-acceptance-field\" required=\"required\">\n\t\t\t\t<label for=\"form-field-consent_privacy_audit\">Ich stimme der Verarbeitung meiner Daten gem\u00e4\u00df der <a href=\"https:\/\/biskoui.ch\/de\/legal\/datenschutzerklaerung\/\" target=\"_blank\">Datenschutzrichtlinie<\/a> zu.<\/label>\t\t\t<\/span>\n\t\t<\/div>\n\t\t\t\t\t\t<\/div>\n\t\t\t\t\t\t\t\t<div class=\"elementor-field-type-text\">\n\t\t\t\t\t<input size=\"1\" type=\"text\" name=\"form_fields[field_6f1215b]\" id=\"form-field-field_6f1215b\" class=\"elementor-field elementor-size-sm \" style=\"display:none !important;\">\t\t\t\t<\/div>\n\t\t\t\t\t\t\t\t<div class=\"elementor-field-type-recaptcha_v3 elementor-field-group elementor-column elementor-field-group-field_b9e4f65 elementor-col-100 recaptcha_v3-inline\">\n\t\t\t\t\t<div class=\"elementor-field\" id=\"form-field-field_b9e4f65\"><div class=\"elementor-g-recaptcha\" data-sitekey=\"6LfTiX8sAAAAACH8f0TpsfMIbPGNHCPhAhVhbcSe\" data-type=\"v3\" data-action=\"Form\" data-badge=\"inline\" data-size=\"invisible\"><\/div><\/div>\t\t\t\t<\/div>\n\t\t\t\t\t\t\t\t<div class=\"elementor-field-group elementor-column elementor-field-type-submit elementor-col-20 e-form__buttons\">\n\t\t\t\t\t<button class=\"elementor-button elementor-size-sm\" type=\"submit\">\n\t\t\t\t\t\t<span class=\"elementor-button-content-wrapper\">\n\t\t\t\t\t\t\t\t\t\t\t\t\t\t\t\t\t\t\t\t\t\t<span class=\"elementor-button-text\">Senden Sie<\/span>\n\t\t\t\t\t\t\t\t\t\t\t\t\t<\/span>\n\t\t\t\t\t<\/button>\n\t\t\t\t<\/div>\n\t\t\t<\/div>\n\t\t<\/form>\n\t\t\t\t\t\t<\/div>\n\t\t\t\t<\/div>\n\t\t\t\t<div class=\"elementor-element elementor-element-b641216 elementor-widget elementor-widget-spacer\" data-id=\"b641216\" data-element_type=\"widget\" data-e-type=\"widget\" data-widget_type=\"spacer.default\">\n\t\t\t\t<div class=\"elementor-widget-container\">\n\t\t\t\t\t\t\t<div class=\"elementor-spacer\">\n\t\t\t<div class=\"elementor-spacer-inner\"><\/div>\n\t\t<\/div>\n\t\t\t\t\t\t<\/div>\n\t\t\t\t<\/div>\n\t\t\t\t\t<\/div>\n\t\t\t\t<\/div>\n\t\t\t\t<\/div>\n\t\t","protected":false},"excerpt":{"rendered":"<p>Kostenloses Audit Ihrer Website in der revDSG Bei biskoui liegt uns der Datenschutz sehr am Herzen. Aus diesem Grund bieten wir Unternehmen eine kostenlose revDSG-Pr\u00fcfung ihrer Website an (Neues Datenschutzgesetz). Seit dem 1. September 2023 und der Einf\u00fchrung des revDSG ist der Datenschutz in unserem digitalen Zeitalter ein zentrales Thema, und die Schweiz hat ihre [&hellip;]<\/p>\n","protected":false},"author":1,"featured_media":0,"parent":0,"menu_order":0,"comment_status":"closed","ping_status":"closed","template":"elementor_header_footer","meta":{"inline_featured_image":false,"footnotes":""},"class_list":["post-2598","page","type-page","status-publish","hentry"],"yoast_head":"<!-- This site is optimized with the Yoast SEO plugin v27.3 - https:\/\/yoast.com\/product\/yoast-seo-wordpress\/ -->\n<title>KOSTENLOSES Audit Ihrer Website unter revDSG | biskoui.ch<\/title>\n<meta name=\"description\" content=\"Pr\u00fcfen Sie Ihre Website kostenlos auf das neue Datenschutzgesetz revDSG. Unsere L\u00f6sung macht Ihre Website in weniger als zwei Stunden konform.\" \/>\n<meta name=\"robots\" content=\"index, follow, max-snippet:-1, max-image-preview:large, max-video-preview:-1\" \/>\n<link rel=\"canonical\" href=\"https:\/\/biskoui.ch\/de\/kostenlose-revdsg-pruefung\/\" \/>\n<meta property=\"og:locale\" content=\"de_DE\" \/>\n<meta property=\"og:type\" content=\"article\" \/>\n<meta property=\"og:title\" content=\"KOSTENLOSES Audit Ihrer Website unter revDSG | biskoui.ch\" \/>\n<meta property=\"og:description\" content=\"Pr\u00fcfen Sie Ihre Website kostenlos auf das neue Datenschutzgesetz revDSG. Unsere L\u00f6sung macht Ihre Website in weniger als zwei Stunden konform.\" \/>\n<meta property=\"og:url\" content=\"https:\/\/biskoui.ch\/de\/kostenlose-revdsg-pruefung\/\" \/>\n<meta property=\"og:site_name\" content=\"biskoui\" \/>\n<meta property=\"article:modified_time\" content=\"2026-03-04T15:27:04+00:00\" \/>\n<meta property=\"og:image\" content=\"https:\/\/biskoui.ch\/wp-content\/uploads\/2024\/03\/Audit-site-internet-nouvelle-loi-sur-la-protection-des-donnees-suisse-NLPD.png\" \/>\n\t<meta property=\"og:image:width\" content=\"2022\" \/>\n\t<meta property=\"og:image:height\" content=\"2019\" \/>\n\t<meta property=\"og:image:type\" content=\"image\/png\" \/>\n<meta name=\"twitter:card\" content=\"summary_large_image\" \/>\n<meta name=\"twitter:label1\" content=\"Gesch\u00e4tzte Lesezeit\" \/>\n\t<meta name=\"twitter:data1\" content=\"2\u00a0Minuten\" \/>\n<script type=\"application\/ld+json\" class=\"yoast-schema-graph\">{\"@context\":\"https:\\\/\\\/schema.org\",\"@graph\":[{\"@type\":\"WebPage\",\"@id\":\"https:\\\/\\\/biskoui.ch\\\/de\\\/kostenlose-revdsg-pruefung\\\/\",\"url\":\"https:\\\/\\\/biskoui.ch\\\/de\\\/kostenlose-revdsg-pruefung\\\/\",\"name\":\"KOSTENLOSES Audit Ihrer Website unter revDSG | biskoui.ch\",\"isPartOf\":{\"@id\":\"https:\\\/\\\/biskoui.ch\\\/de\\\/#website\"},\"primaryImageOfPage\":{\"@id\":\"https:\\\/\\\/biskoui.ch\\\/de\\\/kostenlose-revdsg-pruefung\\\/#primaryimage\"},\"image\":{\"@id\":\"https:\\\/\\\/biskoui.ch\\\/de\\\/kostenlose-revdsg-pruefung\\\/#primaryimage\"},\"thumbnailUrl\":\"https:\\\/\\\/biskoui.ch\\\/wp-content\\\/uploads\\\/2024\\\/03\\\/Audit-site-internet-nouvelle-loi-sur-la-protection-des-donnees-suisse-NLPD-1536x1534.png\",\"datePublished\":\"2024-03-11T18:33:02+00:00\",\"dateModified\":\"2026-03-04T15:27:04+00:00\",\"description\":\"Pr\u00fcfen Sie Ihre Website kostenlos auf das neue Datenschutzgesetz revDSG. Unsere L\u00f6sung macht Ihre Website in weniger als zwei Stunden konform.\",\"breadcrumb\":{\"@id\":\"https:\\\/\\\/biskoui.ch\\\/de\\\/kostenlose-revdsg-pruefung\\\/#breadcrumb\"},\"inLanguage\":\"de\",\"potentialAction\":[{\"@type\":\"ReadAction\",\"target\":[\"https:\\\/\\\/biskoui.ch\\\/de\\\/kostenlose-revdsg-pruefung\\\/\"]}]},{\"@type\":\"ImageObject\",\"inLanguage\":\"de\",\"@id\":\"https:\\\/\\\/biskoui.ch\\\/de\\\/kostenlose-revdsg-pruefung\\\/#primaryimage\",\"url\":\"https:\\\/\\\/biskoui.ch\\\/wp-content\\\/uploads\\\/2024\\\/03\\\/Audit-site-internet-nouvelle-loi-sur-la-protection-des-donnees-suisse-NLPD-1536x1534.png\",\"contentUrl\":\"https:\\\/\\\/biskoui.ch\\\/wp-content\\\/uploads\\\/2024\\\/03\\\/Audit-site-internet-nouvelle-loi-sur-la-protection-des-donnees-suisse-NLPD-1536x1534.png\"},{\"@type\":\"BreadcrumbList\",\"@id\":\"https:\\\/\\\/biskoui.ch\\\/de\\\/kostenlose-revdsg-pruefung\\\/#breadcrumb\",\"itemListElement\":[{\"@type\":\"ListItem\",\"position\":1,\"name\":\"Accueil\",\"item\":\"https:\\\/\\\/biskoui.ch\\\/de\\\/startseite\\\/\"},{\"@type\":\"ListItem\",\"position\":2,\"name\":\"Kostenlose Pr\u00fcfung revDSG\"}]},{\"@type\":\"WebSite\",\"@id\":\"https:\\\/\\\/biskoui.ch\\\/de\\\/#website\",\"url\":\"https:\\\/\\\/biskoui.ch\\\/de\\\/\",\"name\":\"biskoui.ch\",\"description\":\"Swiss Made Consent Management Platform (CMP)\",\"publisher\":{\"@id\":\"https:\\\/\\\/biskoui.ch\\\/de\\\/#organization\"},\"potentialAction\":[{\"@type\":\"SearchAction\",\"target\":{\"@type\":\"EntryPoint\",\"urlTemplate\":\"https:\\\/\\\/biskoui.ch\\\/de\\\/?s={search_term_string}\"},\"query-input\":{\"@type\":\"PropertyValueSpecification\",\"valueRequired\":true,\"valueName\":\"search_term_string\"}}],\"inLanguage\":\"de\"},{\"@type\":\"Organization\",\"@id\":\"https:\\\/\\\/biskoui.ch\\\/de\\\/#organization\",\"name\":\"biskoui\",\"url\":\"https:\\\/\\\/biskoui.ch\\\/de\\\/\",\"logo\":{\"@type\":\"ImageObject\",\"inLanguage\":\"de\",\"@id\":\"https:\\\/\\\/biskoui.ch\\\/de\\\/#\\\/schema\\\/logo\\\/image\\\/\",\"url\":\"https:\\\/\\\/biskoui.ch\\\/wp-content\\\/uploads\\\/2023\\\/07\\\/biskoui-logotype-text.svg\",\"contentUrl\":\"https:\\\/\\\/biskoui.ch\\\/wp-content\\\/uploads\\\/2023\\\/07\\\/biskoui-logotype-text.svg\",\"width\":586,\"height\":99,\"caption\":\"biskoui\"},\"image\":{\"@id\":\"https:\\\/\\\/biskoui.ch\\\/de\\\/#\\\/schema\\\/logo\\\/image\\\/\"}}]}<\/script>\n<!-- \/ Yoast SEO plugin. -->","yoast_head_json":{"title":"KOSTENLOSES Audit Ihrer Website unter revDSG | biskoui.ch","description":"Pr\u00fcfen Sie Ihre Website kostenlos auf das neue Datenschutzgesetz revDSG. Unsere L\u00f6sung macht Ihre Website in weniger als zwei Stunden konform.","robots":{"index":"index","follow":"follow","max-snippet":"max-snippet:-1","max-image-preview":"max-image-preview:large","max-video-preview":"max-video-preview:-1"},"canonical":"https:\/\/biskoui.ch\/de\/kostenlose-revdsg-pruefung\/","og_locale":"de_DE","og_type":"article","og_title":"KOSTENLOSES Audit Ihrer Website unter revDSG | biskoui.ch","og_description":"Pr\u00fcfen Sie Ihre Website kostenlos auf das neue Datenschutzgesetz revDSG. Unsere L\u00f6sung macht Ihre Website in weniger als zwei Stunden konform.","og_url":"https:\/\/biskoui.ch\/de\/kostenlose-revdsg-pruefung\/","og_site_name":"biskoui","article_modified_time":"2026-03-04T15:27:04+00:00","og_image":[{"width":2022,"height":2019,"url":"https:\/\/biskoui.ch\/wp-content\/uploads\/2024\/03\/Audit-site-internet-nouvelle-loi-sur-la-protection-des-donnees-suisse-NLPD.png","type":"image\/png"}],"twitter_card":"summary_large_image","twitter_misc":{"Gesch\u00e4tzte Lesezeit":"2\u00a0Minuten"},"schema":{"@context":"https:\/\/schema.org","@graph":[{"@type":"WebPage","@id":"https:\/\/biskoui.ch\/de\/kostenlose-revdsg-pruefung\/","url":"https:\/\/biskoui.ch\/de\/kostenlose-revdsg-pruefung\/","name":"KOSTENLOSES Audit Ihrer Website unter revDSG | biskoui.ch","isPartOf":{"@id":"https:\/\/biskoui.ch\/de\/#website"},"primaryImageOfPage":{"@id":"https:\/\/biskoui.ch\/de\/kostenlose-revdsg-pruefung\/#primaryimage"},"image":{"@id":"https:\/\/biskoui.ch\/de\/kostenlose-revdsg-pruefung\/#primaryimage"},"thumbnailUrl":"https:\/\/biskoui.ch\/wp-content\/uploads\/2024\/03\/Audit-site-internet-nouvelle-loi-sur-la-protection-des-donnees-suisse-NLPD-1536x1534.png","datePublished":"2024-03-11T18:33:02+00:00","dateModified":"2026-03-04T15:27:04+00:00","description":"Pr\u00fcfen Sie Ihre Website kostenlos auf das neue Datenschutzgesetz revDSG. Unsere L\u00f6sung macht Ihre Website in weniger als zwei Stunden konform.","breadcrumb":{"@id":"https:\/\/biskoui.ch\/de\/kostenlose-revdsg-pruefung\/#breadcrumb"},"inLanguage":"de","potentialAction":[{"@type":"ReadAction","target":["https:\/\/biskoui.ch\/de\/kostenlose-revdsg-pruefung\/"]}]},{"@type":"ImageObject","inLanguage":"de","@id":"https:\/\/biskoui.ch\/de\/kostenlose-revdsg-pruefung\/#primaryimage","url":"https:\/\/biskoui.ch\/wp-content\/uploads\/2024\/03\/Audit-site-internet-nouvelle-loi-sur-la-protection-des-donnees-suisse-NLPD-1536x1534.png","contentUrl":"https:\/\/biskoui.ch\/wp-content\/uploads\/2024\/03\/Audit-site-internet-nouvelle-loi-sur-la-protection-des-donnees-suisse-NLPD-1536x1534.png"},{"@type":"BreadcrumbList","@id":"https:\/\/biskoui.ch\/de\/kostenlose-revdsg-pruefung\/#breadcrumb","itemListElement":[{"@type":"ListItem","position":1,"name":"Accueil","item":"https:\/\/biskoui.ch\/de\/startseite\/"},{"@type":"ListItem","position":2,"name":"Kostenlose Pr\u00fcfung revDSG"}]},{"@type":"WebSite","@id":"https:\/\/biskoui.ch\/de\/#website","url":"https:\/\/biskoui.ch\/de\/","name":"biskoui.ch","description":"Swiss Made Consent Management Platform (CMP)","publisher":{"@id":"https:\/\/biskoui.ch\/de\/#organization"},"potentialAction":[{"@type":"SearchAction","target":{"@type":"EntryPoint","urlTemplate":"https:\/\/biskoui.ch\/de\/?s={search_term_string}"},"query-input":{"@type":"PropertyValueSpecification","valueRequired":true,"valueName":"search_term_string"}}],"inLanguage":"de"},{"@type":"Organization","@id":"https:\/\/biskoui.ch\/de\/#organization","name":"biskoui","url":"https:\/\/biskoui.ch\/de\/","logo":{"@type":"ImageObject","inLanguage":"de","@id":"https:\/\/biskoui.ch\/de\/#\/schema\/logo\/image\/","url":"https:\/\/biskoui.ch\/wp-content\/uploads\/2023\/07\/biskoui-logotype-text.svg","contentUrl":"https:\/\/biskoui.ch\/wp-content\/uploads\/2023\/07\/biskoui-logotype-text.svg","width":586,"height":99,"caption":"biskoui"},"image":{"@id":"https:\/\/biskoui.ch\/de\/#\/schema\/logo\/image\/"}}]}},"_links":{"self":[{"href":"https:\/\/biskoui.ch\/de\/wp-json\/wp\/v2\/pages\/2598","targetHints":{"allow":["GET"]}}],"collection":[{"href":"https:\/\/biskoui.ch\/de\/wp-json\/wp\/v2\/pages"}],"about":[{"href":"https:\/\/biskoui.ch\/de\/wp-json\/wp\/v2\/types\/page"}],"author":[{"embeddable":true,"href":"https:\/\/biskoui.ch\/de\/wp-json\/wp\/v2\/users\/1"}],"replies":[{"embeddable":true,"href":"https:\/\/biskoui.ch\/de\/wp-json\/wp\/v2\/comments?post=2598"}],"version-history":[{"count":12,"href":"https:\/\/biskoui.ch\/de\/wp-json\/wp\/v2\/pages\/2598\/revisions"}],"predecessor-version":[{"id":3948,"href":"https:\/\/biskoui.ch\/de\/wp-json\/wp\/v2\/pages\/2598\/revisions\/3948"}],"wp:attachment":[{"href":"https:\/\/biskoui.ch\/de\/wp-json\/wp\/v2\/media?parent=2598"}],"curies":[{"name":"wp","href":"https:\/\/api.w.org\/{rel}","templated":true}]}}