{"id":1679,"date":"2023-07-04T17:16:53","date_gmt":"2023-07-04T15:16:53","guid":{"rendered":"https:\/\/biskoui.ch\/kontakt\/"},"modified":"2025-01-23T19:52:37","modified_gmt":"2025-01-23T18:52:37","slug":"kontakt","status":"publish","type":"page","link":"https:\/\/biskoui.ch\/de\/kontakt\/","title":{"rendered":"Kontakt"},"content":{"rendered":"\t\t<div data-elementor-type=\"wp-page\" data-elementor-id=\"1679\" class=\"elementor elementor-1679 elementor-45\" data-elementor-post-type=\"page\">\n\t\t\t\t\t\t<section class=\"elementor-section elementor-top-section elementor-element elementor-element-6d50b59b elementor-section-height-min-height elementor-section-content-middle elementor-section-boxed elementor-section-height-default elementor-section-items-middle\" data-id=\"6d50b59b\" data-element_type=\"section\" data-e-type=\"section\">\n\t\t\t\t\t\t<div class=\"elementor-container elementor-column-gap-default\">\n\t\t\t\t\t<div class=\"elementor-column elementor-col-100 elementor-top-column elementor-element elementor-element-681f0611\" data-id=\"681f0611\" data-element_type=\"column\" data-e-type=\"column\">\n\t\t\t<div class=\"elementor-widget-wrap elementor-element-populated\">\n\t\t\t\t\t\t<div class=\"elementor-element elementor-element-70ed4fd elementor-invisible elementor-widget elementor-widget-heading\" data-id=\"70ed4fd\" data-element_type=\"widget\" data-e-type=\"widget\" data-settings=\"{&quot;_animation&quot;:&quot;fadeIn&quot;}\" data-widget_type=\"heading.default\">\n\t\t\t\t<div class=\"elementor-widget-container\">\n\t\t\t\t\t<h1 class=\"elementor-heading-title elementor-size-default\">Kontaktieren Sie biskoui<\/h1>\t\t\t\t<\/div>\n\t\t\t\t<\/div>\n\t\t\t\t<div class=\"elementor-element elementor-element-f97eebc elementor-widget elementor-widget-text-editor\" data-id=\"f97eebc\" data-element_type=\"widget\" data-e-type=\"widget\" data-widget_type=\"text-editor.default\">\n\t\t\t\t<div class=\"elementor-widget-container\">\n\t\t\t\t\t\t\t\t\t<p>Wir freuen uns, dass Sie hier gelandet sind. Falls Sie Fragen oder Bedenken haben oder einfach nur \u00fcber Cookies (nat\u00fcrlich digitale) und Dienstleistungen von Drittanbietern reden m\u00f6chten, sind Sie bei uns genau an der richtigen Adresse. Unser Team ist f\u00fcr Sie da, um Ihnen bei den Datenschutzfragen f\u00fcr Ihre Website zu helfen.<\/p>\n\t\t\t\t\t\t\t\t<\/div>\n\t\t\t\t<\/div>\n\t\t\t\t\t<\/div>\n\t\t<\/div>\n\t\t\t\t\t<\/div>\n\t\t<\/section>\n\t\t\t\t<section class=\"elementor-section elementor-top-section elementor-element elementor-element-458ddc01 elementor-section-height-min-height elementor-section-boxed elementor-section-height-default elementor-section-items-middle\" data-id=\"458ddc01\" data-element_type=\"section\" data-e-type=\"section\">\n\t\t\t\t\t\t<div class=\"elementor-container elementor-column-gap-default\">\n\t\t\t\t\t<div class=\"elementor-column elementor-col-33 elementor-top-column elementor-element elementor-element-17772514\" data-id=\"17772514\" data-element_type=\"column\" data-e-type=\"column\">\n\t\t\t<div class=\"elementor-widget-wrap elementor-element-populated\">\n\t\t\t\t\t\t<div class=\"elementor-element elementor-element-91235a8 elementor-view-default elementor-widget elementor-widget-icon\" data-id=\"91235a8\" data-element_type=\"widget\" data-e-type=\"widget\" data-widget_type=\"icon.default\">\n\t\t\t\t<div class=\"elementor-widget-container\">\n\t\t\t\t\t\t\t<div class=\"elementor-icon-wrapper\">\n\t\t\t<div class=\"elementor-icon\">\n\t\t\t<svg xmlns=\"http:\/\/www.w3.org\/2000\/svg\" viewBox=\"0 0 512 512\"><path d=\"M32 142.4V192h72.9L86.6 224H32c-17.7 0-32-14.3-32-32V141.3c0-8.5 3.4-16.6 9.9-22.1C38.2 95.4 125.9 32 256 32s217.8 63.4 246.1 87.2c6.5 5.5 9.9 13.6 9.9 22.1V192c0 17.7-14.3 32-32 32H425.4l-18.3-32H480V142.4C453 120.1 373.2 64 256 64S59 120.1 32 142.4zm0-1.1s0 0 0 0v0zM32 401c0-11.1 2.9-22.1 8.4-31.8l101.1-177c10.5-18.4 29.5-30.4 50.4-32V128c0-8.8 7.2-16 16-16s16 7.2 16 16v32h64V128c0-8.8 7.2-16 16-16s16 7.2 16 16v32.2c21 1.7 39.9 13.6 50.4 32l101.1 177c5.5 9.7 8.4 20.6 8.4 31.8v31c0 26.5-21.5 48-48 48H80c-26.5 0-48-21.5-48-48V401zM304 192H208 197.1c-11.5 0-22.1 6.2-27.8 16.1L68.2 385.1C65.5 390 64 395.4 64 401v31c0 8.8 7.2 16 16 16H432c8.8 0 16-7.2 16-16V401c0-5.6-1.5-11-4.2-15.9l-101.1-177c-5.7-10-16.3-16.1-27.8-16.1H304zM208 320a48 48 0 1 0 96 0 48 48 0 1 0 -96 0zm48 80a80 80 0 1 1 0-160 80 80 0 1 1 0 160z\"><\/path><\/svg>\t\t\t<\/div>\n\t\t<\/div>\n\t\t\t\t\t\t<\/div>\n\t\t\t\t<\/div>\n\t\t\t\t<div class=\"elementor-element elementor-element-188d9741 elementor-widget elementor-widget-heading\" data-id=\"188d9741\" data-element_type=\"widget\" data-e-type=\"widget\" data-widget_type=\"heading.default\">\n\t\t\t\t<div class=\"elementor-widget-container\">\n\t\t\t\t\t<h5 class=\"elementor-heading-title elementor-size-default\"><a href=\"\">+41 21 512 0777<\/a><\/h5>\t\t\t\t<\/div>\n\t\t\t\t<\/div>\n\t\t\t\t<div class=\"elementor-element elementor-element-8e87312 elementor-widget elementor-widget-text-editor\" data-id=\"8e87312\" data-element_type=\"widget\" data-e-type=\"widget\" data-widget_type=\"text-editor.default\">\n\t\t\t\t<div class=\"elementor-widget-container\">\n\t\t\t\t\t\t\t\t\t<p style=\"text-align: center;\">Auf Englisch und Franz\u00f6sisch \ud83d\ude42<\/p>\n\t\t\t\t\t\t\t\t<\/div>\n\t\t\t\t<\/div>\n\t\t\t\t\t<\/div>\n\t\t<\/div>\n\t\t\t\t<div class=\"elementor-column elementor-col-33 elementor-top-column elementor-element elementor-element-712d6633\" data-id=\"712d6633\" data-element_type=\"column\" data-e-type=\"column\">\n\t\t\t<div class=\"elementor-widget-wrap elementor-element-populated\">\n\t\t\t\t\t\t<div class=\"elementor-element elementor-element-1583a7e elementor-view-default elementor-widget elementor-widget-icon\" data-id=\"1583a7e\" data-element_type=\"widget\" data-e-type=\"widget\" data-widget_type=\"icon.default\">\n\t\t\t\t<div class=\"elementor-widget-container\">\n\t\t\t\t\t\t\t<div class=\"elementor-icon-wrapper\">\n\t\t\t<div class=\"elementor-icon\">\n\t\t\t<svg xmlns=\"http:\/\/www.w3.org\/2000\/svg\" viewBox=\"0 0 512 512\"><path d=\"M64 96c-17.7 0-32 14.3-32 32v39.9L227.6 311.3c16.9 12.4 39.9 12.4 56.8 0L480 167.9V128c0-17.7-14.3-32-32-32H64zM32 207.6V384c0 17.7 14.3 32 32 32H448c17.7 0 32-14.3 32-32V207.6L303.3 337.1c-28.2 20.6-66.5 20.6-94.6 0L32 207.6zM0 128C0 92.7 28.7 64 64 64H448c35.3 0 64 28.7 64 64V384c0 35.3-28.7 64-64 64H64c-35.3 0-64-28.7-64-64V128z\"><\/path><\/svg>\t\t\t<\/div>\n\t\t<\/div>\n\t\t\t\t\t\t<\/div>\n\t\t\t\t<\/div>\n\t\t\t\t<div class=\"elementor-element elementor-element-3a9ae05a elementor-widget elementor-widget-heading\" data-id=\"3a9ae05a\" data-element_type=\"widget\" data-e-type=\"widget\" data-widget_type=\"heading.default\">\n\t\t\t\t<div class=\"elementor-widget-container\">\n\t\t\t\t\t<h5 class=\"elementor-heading-title elementor-size-default\"><a href=\"mailto:support@biskoui.ch\">support@biskoui.ch<\/a><\/h5>\t\t\t\t<\/div>\n\t\t\t\t<\/div>\n\t\t\t\t<div class=\"elementor-element elementor-element-522e35a elementor-widget elementor-widget-text-editor\" data-id=\"522e35a\" data-element_type=\"widget\" data-e-type=\"widget\" data-widget_type=\"text-editor.default\">\n\t\t\t\t<div class=\"elementor-widget-container\">\n\t\t\t\t\t\t\t\t\t<p style=\"text-align: center;\">Ja, das ist eine &#8222;Support&#8220;-Adresse, aber wir antworten ziemlich schnell.&nbsp;<\/p>\n\t\t\t\t\t\t\t\t<\/div>\n\t\t\t\t<\/div>\n\t\t\t\t\t<\/div>\n\t\t<\/div>\n\t\t\t\t<div class=\"elementor-column elementor-col-33 elementor-top-column elementor-element elementor-element-16255920\" data-id=\"16255920\" data-element_type=\"column\" data-e-type=\"column\">\n\t\t\t<div class=\"elementor-widget-wrap elementor-element-populated\">\n\t\t\t\t\t\t<div class=\"elementor-element elementor-element-14d18c6 elementor-view-default elementor-widget elementor-widget-icon\" data-id=\"14d18c6\" data-element_type=\"widget\" data-e-type=\"widget\" data-widget_type=\"icon.default\">\n\t\t\t\t<div class=\"elementor-widget-container\">\n\t\t\t\t\t\t\t<div class=\"elementor-icon-wrapper\">\n\t\t\t<div class=\"elementor-icon\">\n\t\t\t<svg xmlns=\"http:\/\/www.w3.org\/2000\/svg\" viewBox=\"0 0 384 512\"><path d=\"M352 192c0-88.4-71.6-160-160-160S32 103.6 32 192c0 15.6 5.4 37 16.6 63.4c10.9 25.9 26.2 54 43.6 82.1c34.1 55.3 74.4 108.2 99.9 140c25.4-31.8 65.8-84.7 99.9-140c17.3-28.1 32.7-56.3 43.6-82.1C346.6 229 352 207.6 352 192zm32 0c0 87.4-117 243-168.3 307.2c-12.3 15.3-35.1 15.3-47.4 0C117 435 0 279.4 0 192C0 86 86 0 192 0S384 86 384 192zm-240 0a48 48 0 1 0 96 0 48 48 0 1 0 -96 0zm48 80a80 80 0 1 1 0-160 80 80 0 1 1 0 160z\"><\/path><\/svg>\t\t\t<\/div>\n\t\t<\/div>\n\t\t\t\t\t\t<\/div>\n\t\t\t\t<\/div>\n\t\t\t\t<div class=\"elementor-element elementor-element-c0e0744 elementor-widget elementor-widget-heading\" data-id=\"c0e0744\" data-element_type=\"widget\" data-e-type=\"widget\" data-widget_type=\"heading.default\">\n\t\t\t\t<div class=\"elementor-widget-container\">\n\t\t\t\t\t<h5 class=\"elementor-heading-title elementor-size-default\">Place de la Cath\u00e9drale 5A<br>\n1005 Lausanne\u200b<\/h5>\t\t\t\t<\/div>\n\t\t\t\t<\/div>\n\t\t\t\t<div class=\"elementor-element elementor-element-5be3efb elementor-widget elementor-widget-text-editor\" data-id=\"5be3efb\" data-element_type=\"widget\" data-e-type=\"widget\" data-widget_type=\"text-editor.default\">\n\t\t\t\t<div class=\"elementor-widget-container\">\n\t\t\t\t\t\t\t\t\t<p style=\"text-align: center;\">Sollten Sie jemals an der Kathedrale von Lausanne vorbeikommen, schauen Sie vorbei und mampfen Sie einen Cookie mit uns.<\/p>\n\t\t\t\t\t\t\t\t<\/div>\n\t\t\t\t<\/div>\n\t\t\t\t\t<\/div>\n\t\t<\/div>\n\t\t\t\t\t<\/div>\n\t\t<\/section>\n\t\t\t\t<\/div>\n\t\t","protected":false},"excerpt":{"rendered":"<p>Kontaktieren Sie biskoui Wir freuen uns, dass Sie hier gelandet sind. Falls Sie Fragen oder Bedenken haben oder einfach nur \u00fcber Cookies (nat\u00fcrlich digitale) und Dienstleistungen von Drittanbietern reden m\u00f6chten, sind Sie bei uns genau an der richtigen Adresse. Unser Team ist f\u00fcr Sie da, um Ihnen bei den Datenschutzfragen f\u00fcr Ihre Website zu helfen. [&hellip;]<\/p>\n","protected":false},"author":1,"featured_media":0,"parent":0,"menu_order":0,"comment_status":"closed","ping_status":"closed","template":"elementor_header_footer","meta":{"inline_featured_image":false,"footnotes":""},"class_list":["post-1679","page","type-page","status-publish","hentry"],"yoast_head":"<!-- This site is optimized with the Yoast SEO plugin v27.3 - https:\/\/yoast.com\/product\/yoast-seo-wordpress\/ -->\n<title>Kontaktieren Sie uns | biskoui.ch<\/title>\n<meta name=\"description\" content=\"Gibt es Fragen zu biksoui.ch, unserem hundertprozentig schweizerischen Cookie-Banner? Kontaktieren Sie uns unverz\u00fcglich\" \/>\n<meta name=\"robots\" content=\"index, follow, max-snippet:-1, max-image-preview:large, max-video-preview:-1\" \/>\n<link rel=\"canonical\" href=\"https:\/\/biskoui.ch\/de\/kontakt\/\" \/>\n<meta property=\"og:locale\" content=\"de_DE\" \/>\n<meta property=\"og:type\" content=\"article\" \/>\n<meta property=\"og:title\" content=\"Kontaktieren Sie uns | biskoui.ch\" \/>\n<meta property=\"og:description\" content=\"Gibt es Fragen zu biksoui.ch, unserem hundertprozentig schweizerischen Cookie-Banner? Kontaktieren Sie uns unverz\u00fcglich\" \/>\n<meta property=\"og:url\" content=\"https:\/\/biskoui.ch\/de\/kontakt\/\" \/>\n<meta property=\"og:site_name\" content=\"biskoui\" \/>\n<meta property=\"article:modified_time\" content=\"2025-01-23T18:52:37+00:00\" \/>\n<meta name=\"twitter:card\" content=\"summary_large_image\" \/>\n<meta name=\"twitter:label1\" content=\"Gesch\u00e4tzte Lesezeit\" \/>\n\t<meta name=\"twitter:data1\" content=\"1\u00a0Minute\" \/>\n<script type=\"application\/ld+json\" class=\"yoast-schema-graph\">{\"@context\":\"https:\\\/\\\/schema.org\",\"@graph\":[{\"@type\":\"WebPage\",\"@id\":\"https:\\\/\\\/biskoui.ch\\\/de\\\/kontakt\\\/\",\"url\":\"https:\\\/\\\/biskoui.ch\\\/de\\\/kontakt\\\/\",\"name\":\"Kontaktieren Sie uns | biskoui.ch\",\"isPartOf\":{\"@id\":\"https:\\\/\\\/biskoui.ch\\\/de\\\/#website\"},\"datePublished\":\"2023-07-04T15:16:53+00:00\",\"dateModified\":\"2025-01-23T18:52:37+00:00\",\"description\":\"Gibt es Fragen zu biksoui.ch, unserem hundertprozentig schweizerischen Cookie-Banner? Kontaktieren Sie uns unverz\u00fcglich\",\"breadcrumb\":{\"@id\":\"https:\\\/\\\/biskoui.ch\\\/de\\\/kontakt\\\/#breadcrumb\"},\"inLanguage\":\"de\",\"potentialAction\":[{\"@type\":\"ReadAction\",\"target\":[\"https:\\\/\\\/biskoui.ch\\\/de\\\/kontakt\\\/\"]}]},{\"@type\":\"BreadcrumbList\",\"@id\":\"https:\\\/\\\/biskoui.ch\\\/de\\\/kontakt\\\/#breadcrumb\",\"itemListElement\":[{\"@type\":\"ListItem\",\"position\":1,\"name\":\"Accueil\",\"item\":\"https:\\\/\\\/biskoui.ch\\\/de\\\/startseite\\\/\"},{\"@type\":\"ListItem\",\"position\":2,\"name\":\"Kontakt\"}]},{\"@type\":\"WebSite\",\"@id\":\"https:\\\/\\\/biskoui.ch\\\/de\\\/#website\",\"url\":\"https:\\\/\\\/biskoui.ch\\\/de\\\/\",\"name\":\"biskoui.ch\",\"description\":\"Swiss Made Consent Management Platform (CMP)\",\"publisher\":{\"@id\":\"https:\\\/\\\/biskoui.ch\\\/de\\\/#organization\"},\"potentialAction\":[{\"@type\":\"SearchAction\",\"target\":{\"@type\":\"EntryPoint\",\"urlTemplate\":\"https:\\\/\\\/biskoui.ch\\\/de\\\/?s={search_term_string}\"},\"query-input\":{\"@type\":\"PropertyValueSpecification\",\"valueRequired\":true,\"valueName\":\"search_term_string\"}}],\"inLanguage\":\"de\"},{\"@type\":\"Organization\",\"@id\":\"https:\\\/\\\/biskoui.ch\\\/de\\\/#organization\",\"name\":\"biskoui\",\"url\":\"https:\\\/\\\/biskoui.ch\\\/de\\\/\",\"logo\":{\"@type\":\"ImageObject\",\"inLanguage\":\"de\",\"@id\":\"https:\\\/\\\/biskoui.ch\\\/de\\\/#\\\/schema\\\/logo\\\/image\\\/\",\"url\":\"https:\\\/\\\/biskoui.ch\\\/wp-content\\\/uploads\\\/2023\\\/07\\\/biskoui-logotype-text.svg\",\"contentUrl\":\"https:\\\/\\\/biskoui.ch\\\/wp-content\\\/uploads\\\/2023\\\/07\\\/biskoui-logotype-text.svg\",\"width\":586,\"height\":99,\"caption\":\"biskoui\"},\"image\":{\"@id\":\"https:\\\/\\\/biskoui.ch\\\/de\\\/#\\\/schema\\\/logo\\\/image\\\/\"}}]}<\/script>\n<!-- \/ Yoast SEO plugin. -->","yoast_head_json":{"title":"Kontaktieren Sie uns | biskoui.ch","description":"Gibt es Fragen zu biksoui.ch, unserem hundertprozentig schweizerischen Cookie-Banner? Kontaktieren Sie uns unverz\u00fcglich","robots":{"index":"index","follow":"follow","max-snippet":"max-snippet:-1","max-image-preview":"max-image-preview:large","max-video-preview":"max-video-preview:-1"},"canonical":"https:\/\/biskoui.ch\/de\/kontakt\/","og_locale":"de_DE","og_type":"article","og_title":"Kontaktieren Sie uns | biskoui.ch","og_description":"Gibt es Fragen zu biksoui.ch, unserem hundertprozentig schweizerischen Cookie-Banner? Kontaktieren Sie uns unverz\u00fcglich","og_url":"https:\/\/biskoui.ch\/de\/kontakt\/","og_site_name":"biskoui","article_modified_time":"2025-01-23T18:52:37+00:00","twitter_card":"summary_large_image","twitter_misc":{"Gesch\u00e4tzte Lesezeit":"1\u00a0Minute"},"schema":{"@context":"https:\/\/schema.org","@graph":[{"@type":"WebPage","@id":"https:\/\/biskoui.ch\/de\/kontakt\/","url":"https:\/\/biskoui.ch\/de\/kontakt\/","name":"Kontaktieren Sie uns | biskoui.ch","isPartOf":{"@id":"https:\/\/biskoui.ch\/de\/#website"},"datePublished":"2023-07-04T15:16:53+00:00","dateModified":"2025-01-23T18:52:37+00:00","description":"Gibt es Fragen zu biksoui.ch, unserem hundertprozentig schweizerischen Cookie-Banner? Kontaktieren Sie uns unverz\u00fcglich","breadcrumb":{"@id":"https:\/\/biskoui.ch\/de\/kontakt\/#breadcrumb"},"inLanguage":"de","potentialAction":[{"@type":"ReadAction","target":["https:\/\/biskoui.ch\/de\/kontakt\/"]}]},{"@type":"BreadcrumbList","@id":"https:\/\/biskoui.ch\/de\/kontakt\/#breadcrumb","itemListElement":[{"@type":"ListItem","position":1,"name":"Accueil","item":"https:\/\/biskoui.ch\/de\/startseite\/"},{"@type":"ListItem","position":2,"name":"Kontakt"}]},{"@type":"WebSite","@id":"https:\/\/biskoui.ch\/de\/#website","url":"https:\/\/biskoui.ch\/de\/","name":"biskoui.ch","description":"Swiss Made Consent Management Platform (CMP)","publisher":{"@id":"https:\/\/biskoui.ch\/de\/#organization"},"potentialAction":[{"@type":"SearchAction","target":{"@type":"EntryPoint","urlTemplate":"https:\/\/biskoui.ch\/de\/?s={search_term_string}"},"query-input":{"@type":"PropertyValueSpecification","valueRequired":true,"valueName":"search_term_string"}}],"inLanguage":"de"},{"@type":"Organization","@id":"https:\/\/biskoui.ch\/de\/#organization","name":"biskoui","url":"https:\/\/biskoui.ch\/de\/","logo":{"@type":"ImageObject","inLanguage":"de","@id":"https:\/\/biskoui.ch\/de\/#\/schema\/logo\/image\/","url":"https:\/\/biskoui.ch\/wp-content\/uploads\/2023\/07\/biskoui-logotype-text.svg","contentUrl":"https:\/\/biskoui.ch\/wp-content\/uploads\/2023\/07\/biskoui-logotype-text.svg","width":586,"height":99,"caption":"biskoui"},"image":{"@id":"https:\/\/biskoui.ch\/de\/#\/schema\/logo\/image\/"}}]}},"_links":{"self":[{"href":"https:\/\/biskoui.ch\/de\/wp-json\/wp\/v2\/pages\/1679","targetHints":{"allow":["GET"]}}],"collection":[{"href":"https:\/\/biskoui.ch\/de\/wp-json\/wp\/v2\/pages"}],"about":[{"href":"https:\/\/biskoui.ch\/de\/wp-json\/wp\/v2\/types\/page"}],"author":[{"embeddable":true,"href":"https:\/\/biskoui.ch\/de\/wp-json\/wp\/v2\/users\/1"}],"replies":[{"embeddable":true,"href":"https:\/\/biskoui.ch\/de\/wp-json\/wp\/v2\/comments?post=1679"}],"version-history":[{"count":5,"href":"https:\/\/biskoui.ch\/de\/wp-json\/wp\/v2\/pages\/1679\/revisions"}],"predecessor-version":[{"id":3809,"href":"https:\/\/biskoui.ch\/de\/wp-json\/wp\/v2\/pages\/1679\/revisions\/3809"}],"wp:attachment":[{"href":"https:\/\/biskoui.ch\/de\/wp-json\/wp\/v2\/media?parent=1679"}],"curies":[{"name":"wp","href":"https:\/\/api.w.org\/{rel}","templated":true}]}}